{"id":556,"date":"2020-06-08T11:28:26","date_gmt":"2020-06-08T09:28:26","guid":{"rendered":"http:\/\/www.rsm-c.com\/?page_id=556"},"modified":"2020-06-08T11:37:28","modified_gmt":"2020-06-08T09:37:28","slug":"elementor-556","status":"publish","type":"page","link":"https:\/\/www.rsm-c.com\/?page_id=556","title":{"rendered":"Conseil"},"content":{"rendered":"\t\t<div data-elementor-type=\"wp-page\" data-elementor-id=\"556\" class=\"elementor elementor-556\" data-elementor-settings=\"[]\">\n\t\t\t\t\t\t<div class=\"elementor-inner\">\n\t\t\t\t\t\t\t<div class=\"elementor-section-wrap\">\n\t\t\t\t\t\t\t<section class=\"elementor-section elementor-top-section elementor-element elementor-element-ac10f3f elementor-section-boxed elementor-section-height-default elementor-section-height-default parallax_section_no qode_elementor_container_no\" data-id=\"ac10f3f\" data-element_type=\"section\">\n\t\t\t\t\t\t<div class=\"elementor-container elementor-column-gap-default\">\n\t\t\t\t\t\t\t<div class=\"elementor-row\">\n\t\t\t\t\t<div class=\"elementor-column elementor-col-100 elementor-top-column elementor-element elementor-element-47b97e8\" data-id=\"47b97e8\" data-element_type=\"column\">\n\t\t\t<div class=\"elementor-column-wrap elementor-element-populated\">\n\t\t\t\t\t\t\t<div class=\"elementor-widget-wrap\">\n\t\t\t\t\t\t<section class=\"elementor-section elementor-inner-section elementor-element elementor-element-e18fe41 elementor-section-boxed elementor-section-height-default elementor-section-height-default parallax_section_no qode_elementor_container_no\" data-id=\"e18fe41\" data-element_type=\"section\">\n\t\t\t\t\t\t<div class=\"elementor-container elementor-column-gap-default\">\n\t\t\t\t\t\t\t<div class=\"elementor-row\">\n\t\t\t\t\t<div class=\"elementor-column elementor-col-50 elementor-inner-column elementor-element elementor-element-3d2d5f3\" data-id=\"3d2d5f3\" data-element_type=\"column\">\n\t\t\t<div class=\"elementor-column-wrap elementor-element-populated\">\n\t\t\t\t\t\t\t<div class=\"elementor-widget-wrap\">\n\t\t\t\t\t\t<div class=\"elementor-element elementor-element-56e7a4c elementor-widget elementor-widget-text-editor\" data-id=\"56e7a4c\" data-element_type=\"widget\" data-widget_type=\"text-editor.default\">\n\t\t\t\t<div class=\"elementor-widget-container\">\n\t\t\t\t\t<div class=\"elementor-text-editor elementor-clearfix\"><p>Pour RSM-Consulting, le Conseil est une v\u00e9ritable valeur ajout\u00e9e. En effet, fort d\u2019une exp\u00e9rience de plus de 10 ans dans la conduite de projets informatiques, notre \u00e9quipe de Consultants et de chefs de projet ont acquis de r\u00e9elles comp\u00e9tences pour vous aider au mieux \u00e0 d\u00e9velopper et am\u00e9liorer votre infrastructure. Ils vous accompagnent, quel que soit votre projet SI ou votre secteur d\u2019activit\u00e9, dans l\u2019approche, l\u2019\u00e9tude et la mise en \u0153uvre de vos solutions IT.<\/p><\/div>\n\t\t\t\t<\/div>\n\t\t\t\t<\/div>\n\t\t\t\t\t\t<\/div>\n\t\t\t\t\t<\/div>\n\t\t<\/div>\n\t\t\t\t<div class=\"elementor-column elementor-col-50 elementor-inner-column elementor-element elementor-element-09282ba\" data-id=\"09282ba\" data-element_type=\"column\">\n\t\t\t<div class=\"elementor-column-wrap elementor-element-populated\">\n\t\t\t\t\t\t\t<div class=\"elementor-widget-wrap\">\n\t\t\t\t\t\t<div class=\"elementor-element elementor-element-8d5c47a elementor-widget elementor-widget-text-editor\" data-id=\"8d5c47a\" data-element_type=\"widget\" data-widget_type=\"text-editor.default\">\n\t\t\t\t<div class=\"elementor-widget-container\">\n\t\t\t\t\t<div class=\"elementor-text-editor elementor-clearfix\"><p>Nous privil\u00e9gions la performance, en concevant avec vous de nouvelles solutions totalement adapt\u00e9es et personnalis\u00e9es \u00e0 vos probl\u00e9matiques m\u00e9tiers et vos objectifs strat\u00e9giques, en vous conseillant dans l\u2019emploi des technologies innovantes qui cr\u00e9ent la diff\u00e9rence par rapport \u00e0 vos concurrents, en imaginant et en d\u00e9ployant avec vous des infrastructures novatrices qui exploitent toutes les possibilit\u00e9s offertes par le fonctionnement de l\u2019entreprise.<\/p><\/div>\n\t\t\t\t<\/div>\n\t\t\t\t<\/div>\n\t\t\t\t\t\t<\/div>\n\t\t\t\t\t<\/div>\n\t\t<\/div>\n\t\t\t\t\t\t\t\t<\/div>\n\t\t\t\t\t<\/div>\n\t\t<\/section>\n\t\t\t\t\t\t<\/div>\n\t\t\t\t\t<\/div>\n\t\t<\/div>\n\t\t\t\t\t\t\t\t<\/div>\n\t\t\t\t\t<\/div>\n\t\t<\/section>\n\t\t\t\t<section class=\"elementor-section elementor-top-section elementor-element elementor-element-b8dfcd4 elementor-section-boxed elementor-section-height-default elementor-section-height-default parallax_section_no qode_elementor_container_no\" data-id=\"b8dfcd4\" data-element_type=\"section\">\n\t\t\t\t\t\t<div class=\"elementor-container elementor-column-gap-default\">\n\t\t\t\t\t\t\t<div class=\"elementor-row\">\n\t\t\t\t\t<div class=\"elementor-column elementor-col-100 elementor-top-column elementor-element elementor-element-de268be\" data-id=\"de268be\" data-element_type=\"column\">\n\t\t\t<div class=\"elementor-column-wrap elementor-element-populated\">\n\t\t\t\t\t\t\t<div class=\"elementor-widget-wrap\">\n\t\t\t\t\t\t<section class=\"elementor-section elementor-inner-section elementor-element elementor-element-d7dd096 elementor-section-boxed elementor-section-height-default elementor-section-height-default parallax_section_no qode_elementor_container_no\" data-id=\"d7dd096\" data-element_type=\"section\">\n\t\t\t\t\t\t<div class=\"elementor-container elementor-column-gap-default\">\n\t\t\t\t\t\t\t<div class=\"elementor-row\">\n\t\t\t\t\t<div class=\"elementor-column elementor-col-50 elementor-inner-column elementor-element elementor-element-59b317b\" data-id=\"59b317b\" data-element_type=\"column\">\n\t\t\t<div class=\"elementor-column-wrap elementor-element-populated\">\n\t\t\t\t\t\t\t<div class=\"elementor-widget-wrap\">\n\t\t\t\t\t\t<div class=\"elementor-element elementor-element-37dd8e7 elementor-widget elementor-widget-image\" data-id=\"37dd8e7\" data-element_type=\"widget\" data-widget_type=\"image.default\">\n\t\t\t\t<div class=\"elementor-widget-container\">\n\t\t\t\t\t<div class=\"elementor-image\">\n\t\t\t\t\t\t\t\t\t\t<img width=\"1024\" height=\"581\" src=\"https:\/\/www.rsm-c.com\/wp-content\/uploads\/2020\/06\/rsm_conseil_service-1024x581.jpg\" class=\"attachment-large size-large\" alt=\"\" decoding=\"async\" loading=\"lazy\" srcset=\"https:\/\/www.rsm-c.com\/wp-content\/uploads\/2020\/06\/rsm_conseil_service-1024x581.jpg 1024w, https:\/\/www.rsm-c.com\/wp-content\/uploads\/2020\/06\/rsm_conseil_service-300x170.jpg 300w, https:\/\/www.rsm-c.com\/wp-content\/uploads\/2020\/06\/rsm_conseil_service-768x436.jpg 768w, https:\/\/www.rsm-c.com\/wp-content\/uploads\/2020\/06\/rsm_conseil_service-700x398.jpg 700w, https:\/\/www.rsm-c.com\/wp-content\/uploads\/2020\/06\/rsm_conseil_service.jpg 1400w\" sizes=\"(max-width: 1024px) 100vw, 1024px\" \/>\t\t\t\t\t\t\t\t\t\t\t<\/div>\n\t\t\t\t<\/div>\n\t\t\t\t<\/div>\n\t\t\t\t\t\t<\/div>\n\t\t\t\t\t<\/div>\n\t\t<\/div>\n\t\t\t\t<div class=\"elementor-column elementor-col-50 elementor-inner-column elementor-element elementor-element-3234547\" data-id=\"3234547\" data-element_type=\"column\">\n\t\t\t<div class=\"elementor-column-wrap elementor-element-populated\">\n\t\t\t\t\t\t\t<div class=\"elementor-widget-wrap\">\n\t\t\t\t\t\t<div class=\"elementor-element elementor-element-b25c70a elementor-widget elementor-widget-text-editor\" data-id=\"b25c70a\" data-element_type=\"widget\" data-widget_type=\"text-editor.default\">\n\t\t\t\t<div class=\"elementor-widget-container\">\n\t\t\t\t\t<div class=\"elementor-text-editor elementor-clearfix\"><p><span class=\"bleu\">Les b\u00e9n\u00e9fices sont multiples\u00a0:<\/span><\/p><ul><li><em>La p\u00e9rennit\u00e9 et la coh\u00e9rence de vos solutions informatiques<\/em><\/li><li><em>Une int\u00e9gration simple et efficace<\/em><\/li><li><em>Des co\u00fbts ma\u00eetris\u00e9s<\/em><\/li><li><em>Des investissements justifi\u00e9s par un retour sur investissement rapide et certain<\/em><\/li><li><em>Des conseils adapt\u00e9s \u00e0 l\u2019entreprise<\/em><\/li><li><em>L\u2019accessibilit\u00e9 aux meilleures technologies et innovations du secteur gr\u00e2ce \u00e0 des consultants en veille permanente.<\/em><\/li><\/ul><p>\u00a0<\/p><p>Le Conseil est la premi\u00e8re \u00e9tape dans la gestion de vos projets informatiques et s\u2019inscrit dans une logique d\u2019\u00e9volution de vos syst\u00e8mes d\u2019informations<\/p><\/div>\n\t\t\t\t<\/div>\n\t\t\t\t<\/div>\n\t\t\t\t\t\t<\/div>\n\t\t\t\t\t<\/div>\n\t\t<\/div>\n\t\t\t\t\t\t\t\t<\/div>\n\t\t\t\t\t<\/div>\n\t\t<\/section>\n\t\t\t\t\t\t<\/div>\n\t\t\t\t\t<\/div>\n\t\t<\/div>\n\t\t\t\t\t\t\t\t<\/div>\n\t\t\t\t\t<\/div>\n\t\t<\/section>\n\t\t\t\t\t\t<\/div>\n\t\t\t\t\t\t<\/div>\n\t\t\t\t\t<\/div>\n\t\t","protected":false},"excerpt":{"rendered":"<p>Pour RSM-Consulting, le Conseil est une v\u00e9ritable valeur ajout\u00e9e. En effet, fort d\u2019une exp\u00e9rience de plus de 10 ans dans la conduite de projets informatiques, notre \u00e9quipe de Consultants et de chefs de projet ont acquis de r\u00e9elles comp\u00e9tences pour vous aider au mieux \u00e0&#8230;<\/p>\n","protected":false},"author":1,"featured_media":0,"parent":0,"menu_order":0,"comment_status":"closed","ping_status":"closed","template":"","meta":[],"_links":{"self":[{"href":"https:\/\/www.rsm-c.com\/index.php?rest_route=\/wp\/v2\/pages\/556"}],"collection":[{"href":"https:\/\/www.rsm-c.com\/index.php?rest_route=\/wp\/v2\/pages"}],"about":[{"href":"https:\/\/www.rsm-c.com\/index.php?rest_route=\/wp\/v2\/types\/page"}],"author":[{"embeddable":true,"href":"https:\/\/www.rsm-c.com\/index.php?rest_route=\/wp\/v2\/users\/1"}],"replies":[{"embeddable":true,"href":"https:\/\/www.rsm-c.com\/index.php?rest_route=%2Fwp%2Fv2%2Fcomments&post=556"}],"version-history":[{"count":4,"href":"https:\/\/www.rsm-c.com\/index.php?rest_route=\/wp\/v2\/pages\/556\/revisions"}],"predecessor-version":[{"id":561,"href":"https:\/\/www.rsm-c.com\/index.php?rest_route=\/wp\/v2\/pages\/556\/revisions\/561"}],"wp:attachment":[{"href":"https:\/\/www.rsm-c.com\/index.php?rest_route=%2Fwp%2Fv2%2Fmedia&parent=556"}],"curies":[{"name":"wp","href":"https:\/\/api.w.org\/{rel}","templated":true}]}}