{"id":562,"date":"2020-06-08T11:44:28","date_gmt":"2020-06-08T09:44:28","guid":{"rendered":"http:\/\/www.rsm-c.com\/?page_id=562"},"modified":"2020-06-08T11:56:54","modified_gmt":"2020-06-08T09:56:54","slug":"integration","status":"publish","type":"page","link":"https:\/\/www.rsm-c.com\/?page_id=562","title":{"rendered":"Integration"},"content":{"rendered":"\t\t<div data-elementor-type=\"wp-page\" data-elementor-id=\"562\" class=\"elementor elementor-562\" data-elementor-settings=\"[]\">\n\t\t\t\t\t\t<div class=\"elementor-inner\">\n\t\t\t\t\t\t\t<div class=\"elementor-section-wrap\">\n\t\t\t\t\t\t\t<section class=\"elementor-section elementor-top-section elementor-element elementor-element-af3aa20 elementor-section-boxed elementor-section-height-default elementor-section-height-default parallax_section_no qode_elementor_container_no\" data-id=\"af3aa20\" data-element_type=\"section\">\n\t\t\t\t\t\t<div class=\"elementor-container elementor-column-gap-default\">\n\t\t\t\t\t\t\t<div class=\"elementor-row\">\n\t\t\t\t\t<div class=\"elementor-column elementor-col-100 elementor-top-column elementor-element elementor-element-3f4a224\" data-id=\"3f4a224\" data-element_type=\"column\">\n\t\t\t<div class=\"elementor-column-wrap elementor-element-populated\">\n\t\t\t\t\t\t\t<div class=\"elementor-widget-wrap\">\n\t\t\t\t\t\t<section class=\"elementor-section elementor-inner-section elementor-element elementor-element-381dee5 elementor-section-boxed elementor-section-height-default elementor-section-height-default parallax_section_no qode_elementor_container_no\" data-id=\"381dee5\" data-element_type=\"section\">\n\t\t\t\t\t\t<div class=\"elementor-container elementor-column-gap-default\">\n\t\t\t\t\t\t\t<div class=\"elementor-row\">\n\t\t\t\t\t<div class=\"elementor-column elementor-col-100 elementor-inner-column elementor-element elementor-element-e295c23\" data-id=\"e295c23\" data-element_type=\"column\">\n\t\t\t<div class=\"elementor-column-wrap elementor-element-populated\">\n\t\t\t\t\t\t\t<div class=\"elementor-widget-wrap\">\n\t\t\t\t\t\t<div class=\"elementor-element elementor-element-df564ed elementor-invisible elementor-widget elementor-widget-image\" data-id=\"df564ed\" data-element_type=\"widget\" data-settings=\"{&quot;_animation&quot;:&quot;fadeIn&quot;}\" data-widget_type=\"image.default\">\n\t\t\t\t<div class=\"elementor-widget-container\">\n\t\t\t\t\t<div class=\"elementor-image\">\n\t\t\t\t\t\t\t\t\t\t<img width=\"1024\" height=\"581\" src=\"https:\/\/www.rsm-c.com\/wp-content\/uploads\/2020\/06\/integration_rsm-1024x581.jpg\" class=\"attachment-large size-large\" alt=\"\" decoding=\"async\" loading=\"lazy\" srcset=\"https:\/\/www.rsm-c.com\/wp-content\/uploads\/2020\/06\/integration_rsm-1024x581.jpg 1024w, https:\/\/www.rsm-c.com\/wp-content\/uploads\/2020\/06\/integration_rsm-300x170.jpg 300w, https:\/\/www.rsm-c.com\/wp-content\/uploads\/2020\/06\/integration_rsm-768x436.jpg 768w, https:\/\/www.rsm-c.com\/wp-content\/uploads\/2020\/06\/integration_rsm-700x398.jpg 700w, https:\/\/www.rsm-c.com\/wp-content\/uploads\/2020\/06\/integration_rsm.jpg 1400w\" sizes=\"(max-width: 1024px) 100vw, 1024px\" \/>\t\t\t\t\t\t\t\t\t\t\t<\/div>\n\t\t\t\t<\/div>\n\t\t\t\t<\/div>\n\t\t\t\t<div class=\"elementor-element elementor-element-22c0049 elementor-widget elementor-widget-spacer\" data-id=\"22c0049\" data-element_type=\"widget\" data-widget_type=\"spacer.default\">\n\t\t\t\t<div class=\"elementor-widget-container\">\n\t\t\t\t\t<div class=\"elementor-spacer\">\n\t\t\t<div class=\"elementor-spacer-inner\"><\/div>\n\t\t<\/div>\n\t\t\t\t<\/div>\n\t\t\t\t<\/div>\n\t\t\t\t\t\t<\/div>\n\t\t\t\t\t<\/div>\n\t\t<\/div>\n\t\t\t\t\t\t\t\t<\/div>\n\t\t\t\t\t<\/div>\n\t\t<\/section>\n\t\t\t\t<div class=\"elementor-element elementor-element-8ccfe63 elementor-invisible elementor-widget elementor-widget-text-editor\" data-id=\"8ccfe63\" data-element_type=\"widget\" data-settings=\"{&quot;_animation&quot;:&quot;fadeInLeft&quot;}\" data-widget_type=\"text-editor.default\">\n\t\t\t\t<div class=\"elementor-widget-container\">\n\t\t\t\t\t<div class=\"elementor-text-editor elementor-clearfix\"><p>Nous confirmons quotidiennement notre expertise dans le d\u00e9ploiement de projets sur mesure\u00a0:<\/p><ul class=\"bleu\"><li><em>Architecture et urbanisation des Syst\u00e8mes d\u2019Informations<\/em><\/li><li><em>Virtualisation \/ Green IT<\/em><\/li><li><em>Stockage<\/em><\/li><li><em>S\u00e9curit\u00e9 et R\u00e9seau<\/em><\/li><li><em>Environnement de Haute disponibilit\u00e9<\/em><\/li><li><em>Solutions de communication entre divers syst\u00e8mes informatiques h\u00e9t\u00e9rog\u00e8nes<\/em><\/li><li><em>Migrations<\/em><\/li><\/ul><\/div>\n\t\t\t\t<\/div>\n\t\t\t\t<\/div>\n\t\t\t\t<div class=\"elementor-element elementor-element-21ed4a1 elementor-widget elementor-widget-spacer\" data-id=\"21ed4a1\" data-element_type=\"widget\" data-widget_type=\"spacer.default\">\n\t\t\t\t<div class=\"elementor-widget-container\">\n\t\t\t\t\t<div class=\"elementor-spacer\">\n\t\t\t<div class=\"elementor-spacer-inner\"><\/div>\n\t\t<\/div>\n\t\t\t\t<\/div>\n\t\t\t\t<\/div>\n\t\t\t\t<div class=\"elementor-element elementor-element-cd94b33 elementor-invisible elementor-widget elementor-widget-text-editor\" data-id=\"cd94b33\" data-element_type=\"widget\" data-settings=\"{&quot;_animation&quot;:&quot;fadeInLeft&quot;}\" data-widget_type=\"text-editor.default\">\n\t\t\t\t<div class=\"elementor-widget-container\">\n\t\t\t\t\t<div class=\"elementor-text-editor elementor-clearfix\"><p>Nos experts, certifi\u00e9s de multiples technologies, cherchent en permanence \u00e0 parfaire leur savoir-faire pour \u00e9voluer avec les avanc\u00e9es technologiques. Ils savent que vos donn\u00e9es ont une valeur consid\u00e9rable et poss\u00e8dent une connaissance approfondie de toutes les facettes des activit\u00e9s et des environnements technologiques des clients. Notre exp\u00e9rience dans l\u2019int\u00e9gration de projet \u00e0 travers le monde nous appris que c\u2019est en combinant technologie novatrice et syst\u00e8me d\u00e9j\u00e0 en place dans l\u2019organisation que tout le potentiel d\u2019une infrastructure pourra \u00eatre pleinement exploit\u00e9.<\/p><p>\u00a0<\/p><p>Nous sommes des sp\u00e9cialistes de l&rsquo;int\u00e9gration de syst\u00e8me, du conseil jusqu\u2019\u00e0 l\u2019\u00e9laboration et de la conception de solutions jusqu&rsquo;\u00e0 leur d\u00e9ploiement. Une fois int\u00e9gr\u00e9e, la technologie peut devenir une source de revenus cons\u00e9quente en vous donnant acc\u00e8s \u00e0 des donn\u00e9es inestimables et en vous faisant gagner en efficacit\u00e9 op\u00e9rationnelle.<\/p><\/div>\n\t\t\t\t<\/div>\n\t\t\t\t<\/div>\n\t\t\t\t\t\t<\/div>\n\t\t\t\t\t<\/div>\n\t\t<\/div>\n\t\t\t\t\t\t\t\t<\/div>\n\t\t\t\t\t<\/div>\n\t\t<\/section>\n\t\t\t\t\t\t<\/div>\n\t\t\t\t\t\t<\/div>\n\t\t\t\t\t<\/div>\n\t\t","protected":false},"excerpt":{"rendered":"<p>Nous confirmons quotidiennement notre expertise dans le d\u00e9ploiement de projets sur mesure\u00a0: Architecture et urbanisation des Syst\u00e8mes d\u2019Informations Virtualisation \/ Green IT Stockage S\u00e9curit\u00e9 et R\u00e9seau Environnement de Haute disponibilit\u00e9 Solutions de communication entre divers syst\u00e8mes informatiques h\u00e9t\u00e9rog\u00e8nes Migrations Nos experts, certifi\u00e9s de multiples technologies,&#8230;<\/p>\n","protected":false},"author":1,"featured_media":0,"parent":0,"menu_order":0,"comment_status":"closed","ping_status":"closed","template":"","meta":[],"_links":{"self":[{"href":"https:\/\/www.rsm-c.com\/index.php?rest_route=\/wp\/v2\/pages\/562"}],"collection":[{"href":"https:\/\/www.rsm-c.com\/index.php?rest_route=\/wp\/v2\/pages"}],"about":[{"href":"https:\/\/www.rsm-c.com\/index.php?rest_route=\/wp\/v2\/types\/page"}],"author":[{"embeddable":true,"href":"https:\/\/www.rsm-c.com\/index.php?rest_route=\/wp\/v2\/users\/1"}],"replies":[{"embeddable":true,"href":"https:\/\/www.rsm-c.com\/index.php?rest_route=%2Fwp%2Fv2%2Fcomments&post=562"}],"version-history":[{"count":5,"href":"https:\/\/www.rsm-c.com\/index.php?rest_route=\/wp\/v2\/pages\/562\/revisions"}],"predecessor-version":[{"id":568,"href":"https:\/\/www.rsm-c.com\/index.php?rest_route=\/wp\/v2\/pages\/562\/revisions\/568"}],"wp:attachment":[{"href":"https:\/\/www.rsm-c.com\/index.php?rest_route=%2Fwp%2Fv2%2Fmedia&parent=562"}],"curies":[{"name":"wp","href":"https:\/\/api.w.org\/{rel}","templated":true}]}}