{"id":569,"date":"2020-06-08T12:00:51","date_gmt":"2020-06-08T10:00:51","guid":{"rendered":"http:\/\/www.rsm-c.com\/?page_id=569"},"modified":"2020-06-08T12:05:26","modified_gmt":"2020-06-08T10:05:26","slug":"hebergement","status":"publish","type":"page","link":"https:\/\/www.rsm-c.com\/?page_id=569","title":{"rendered":"H\u00e9bergement"},"content":{"rendered":"\t\t<div data-elementor-type=\"wp-page\" data-elementor-id=\"569\" class=\"elementor elementor-569\" data-elementor-settings=\"[]\">\n\t\t\t\t\t\t<div class=\"elementor-inner\">\n\t\t\t\t\t\t\t<div class=\"elementor-section-wrap\">\n\t\t\t\t\t\t\t<section class=\"elementor-section elementor-top-section elementor-element elementor-element-74ed35a elementor-section-boxed elementor-section-height-default elementor-section-height-default parallax_section_no qode_elementor_container_no\" data-id=\"74ed35a\" data-element_type=\"section\">\n\t\t\t\t\t\t<div class=\"elementor-container elementor-column-gap-default\">\n\t\t\t\t\t\t\t<div class=\"elementor-row\">\n\t\t\t\t\t<div class=\"elementor-column elementor-col-100 elementor-top-column elementor-element elementor-element-b24c60a\" data-id=\"b24c60a\" data-element_type=\"column\">\n\t\t\t<div class=\"elementor-column-wrap elementor-element-populated\">\n\t\t\t\t\t\t\t<div class=\"elementor-widget-wrap\">\n\t\t\t\t\t\t<section class=\"elementor-section elementor-inner-section elementor-element elementor-element-83e0b68 elementor-section-boxed elementor-section-height-default elementor-section-height-default parallax_section_no qode_elementor_container_no elementor-invisible\" data-id=\"83e0b68\" data-element_type=\"section\" data-settings=\"{&quot;animation&quot;:&quot;fadeIn&quot;}\">\n\t\t\t\t\t\t<div class=\"elementor-container elementor-column-gap-default\">\n\t\t\t\t\t\t\t<div class=\"elementor-row\">\n\t\t\t\t\t<div class=\"elementor-column elementor-col-50 elementor-inner-column elementor-element elementor-element-346acc0\" data-id=\"346acc0\" data-element_type=\"column\">\n\t\t\t<div class=\"elementor-column-wrap elementor-element-populated\">\n\t\t\t\t\t\t\t<div class=\"elementor-widget-wrap\">\n\t\t\t\t\t\t<div class=\"elementor-element elementor-element-5582bd0 elementor-widget elementor-widget-text-editor\" data-id=\"5582bd0\" data-element_type=\"widget\" data-widget_type=\"text-editor.default\">\n\t\t\t\t<div class=\"elementor-widget-container\">\n\t\t\t\t\t<div class=\"elementor-text-editor elementor-clearfix\"><p><span class=\"bleu\">Nous proposons des solutions d\u2019h\u00e9bergement sur-mesure adapt\u00e9es \u00e0 tous types de besoins\u00a0:<\/span><\/p><p>\u00a0<\/p><ul><li><em>Serveurs d\u00e9di\u00e9s ou mutualis\u00e9s<\/em><\/li><li><em>Serveurs physiques \/ Infrastructure \u00ab\u00a0CLOUD\u00a0\u00bb<\/em><\/li><li><em>Applications lourdes<\/em><\/li><li><em>Applications web<\/em><\/li><li><em>Messagerie Microsoft Exchange<\/em><\/li><li><em>Gestion Electronique de Documents (GED)<\/em><\/li><li><em>Archivage de donn\u00e9es<\/em><\/li><li><em>Plan de Reprise d&rsquo;Activit\u00e9 (PRA)<\/em><\/li><li><em>Sauvegarde de donn\u00e9es<\/em><\/li><\/ul><\/div>\n\t\t\t\t<\/div>\n\t\t\t\t<\/div>\n\t\t\t\t\t\t<\/div>\n\t\t\t\t\t<\/div>\n\t\t<\/div>\n\t\t\t\t<div class=\"elementor-column elementor-col-50 elementor-inner-column elementor-element elementor-element-e67ce8a\" data-id=\"e67ce8a\" data-element_type=\"column\">\n\t\t\t<div class=\"elementor-column-wrap elementor-element-populated\">\n\t\t\t\t\t\t\t<div class=\"elementor-widget-wrap\">\n\t\t\t\t\t\t<div class=\"elementor-element elementor-element-2b8eb33 elementor-widget elementor-widget-image\" data-id=\"2b8eb33\" data-element_type=\"widget\" data-widget_type=\"image.default\">\n\t\t\t\t<div class=\"elementor-widget-container\">\n\t\t\t\t\t<div class=\"elementor-image\">\n\t\t\t\t\t\t\t\t\t\t<img width=\"1024\" height=\"581\" src=\"https:\/\/www.rsm-c.com\/wp-content\/uploads\/2020\/06\/hebergement_rsm-1024x581.jpg\" class=\"attachment-large size-large\" alt=\"\" decoding=\"async\" loading=\"lazy\" srcset=\"https:\/\/www.rsm-c.com\/wp-content\/uploads\/2020\/06\/hebergement_rsm-1024x581.jpg 1024w, https:\/\/www.rsm-c.com\/wp-content\/uploads\/2020\/06\/hebergement_rsm-300x170.jpg 300w, https:\/\/www.rsm-c.com\/wp-content\/uploads\/2020\/06\/hebergement_rsm-768x436.jpg 768w, https:\/\/www.rsm-c.com\/wp-content\/uploads\/2020\/06\/hebergement_rsm-700x398.jpg 700w, https:\/\/www.rsm-c.com\/wp-content\/uploads\/2020\/06\/hebergement_rsm.jpg 1400w\" sizes=\"(max-width: 1024px) 100vw, 1024px\" \/>\t\t\t\t\t\t\t\t\t\t\t<\/div>\n\t\t\t\t<\/div>\n\t\t\t\t<\/div>\n\t\t\t\t\t\t<\/div>\n\t\t\t\t\t<\/div>\n\t\t<\/div>\n\t\t\t\t\t\t\t\t<\/div>\n\t\t\t\t\t<\/div>\n\t\t<\/section>\n\t\t\t\t\t\t<\/div>\n\t\t\t\t\t<\/div>\n\t\t<\/div>\n\t\t\t\t\t\t\t\t<\/div>\n\t\t\t\t\t<\/div>\n\t\t<\/section>\n\t\t\t\t<section class=\"elementor-section elementor-top-section elementor-element elementor-element-a5658da elementor-section-boxed elementor-section-height-default elementor-section-height-default parallax_section_no qode_elementor_container_no\" data-id=\"a5658da\" data-element_type=\"section\">\n\t\t\t\t\t\t<div class=\"elementor-container elementor-column-gap-default\">\n\t\t\t\t\t\t\t<div class=\"elementor-row\">\n\t\t\t\t\t<div class=\"elementor-column elementor-col-100 elementor-top-column elementor-element elementor-element-a7b8984\" data-id=\"a7b8984\" data-element_type=\"column\">\n\t\t\t<div class=\"elementor-column-wrap elementor-element-populated\">\n\t\t\t\t\t\t\t<div class=\"elementor-widget-wrap\">\n\t\t\t\t\t\t<section class=\"elementor-section elementor-inner-section elementor-element elementor-element-f70ef3e elementor-section-boxed elementor-section-height-default elementor-section-height-default parallax_section_no qode_elementor_container_no elementor-invisible\" data-id=\"f70ef3e\" data-element_type=\"section\" data-settings=\"{&quot;animation&quot;:&quot;fadeIn&quot;}\">\n\t\t\t\t\t\t<div class=\"elementor-container elementor-column-gap-default\">\n\t\t\t\t\t\t\t<div class=\"elementor-row\">\n\t\t\t\t\t<div class=\"elementor-column elementor-col-100 elementor-inner-column elementor-element elementor-element-551e380\" data-id=\"551e380\" data-element_type=\"column\">\n\t\t\t<div class=\"elementor-column-wrap elementor-element-populated\">\n\t\t\t\t\t\t\t<div class=\"elementor-widget-wrap\">\n\t\t\t\t\t\t<div class=\"elementor-element elementor-element-a046fe0 elementor-widget elementor-widget-text-editor\" data-id=\"a046fe0\" data-element_type=\"widget\" data-widget_type=\"text-editor.default\">\n\t\t\t\t<div class=\"elementor-widget-container\">\n\t\t\t\t\t<div class=\"elementor-text-editor elementor-clearfix\"><p><span class=\"bleu\">Pourquoi choisir RSM-Consulting comme h\u00e9bergeurs\u00a0?<\/span><\/p><p>\u00a0<\/p><ul><li><em>Nul besoin d\u2019investir dans un mat\u00e9riel encombrant et on\u00e9reux (achat, maintenance\u2026)<\/em><\/li><li><em>Nos solutions sont souples, \u00e9volutives et totalement personnalis\u00e9es selon vos exigences.<\/em><\/li><li><em>Nos machines proviennent de grands constructeurs r\u00e9put\u00e9s fiables et vos donn\u00e9es sont h\u00e9berg\u00e9es en toute s\u00e9curit\u00e9 dans nos Datacenter \u00e9quip\u00e9s des derni\u00e8res technologies<\/em><\/li><\/ul><ul><li><em>Aucuns risques de pertes de donn\u00e9es gr\u00e2ce \u00e0 des sauvegardes r\u00e9guli\u00e8res<\/em><\/li><li><em>Mise en \u0153uvre en quelques heures<\/em><\/li><li><em>Un accompagnement permanent et un support sp\u00e9cialis\u00e9 traite vos demandes en priorit\u00e9<\/em><\/li><li><em>Logiciel accessible par autant d&rsquo;utilisateurs que vous le souhaitez, \u00e0 partir de n&rsquo;importe quel poste connect\u00e9 \u00e0 Internet<\/em><\/li><\/ul><ul><li><em>Des interfaces conviviales soign\u00e9es, orient\u00e9es utilisateurs<\/em><\/li><li><em>B\u00e9n\u00e9ficiez de nos derni\u00e8res mises \u00e0 jour d\u00e8s qu\u2019elles sont disponibles<\/em><\/li><li><em>Un H\u00e9bergement Ecologique avec le Cloud ou les Serveurs mutualis\u00e9s qui permettent d\u2019optimiser rendement et de consommer ce dont vous avez r\u00e9ellement besoin<\/em><\/li><\/ul><\/div>\n\t\t\t\t<\/div>\n\t\t\t\t<\/div>\n\t\t\t\t\t\t<\/div>\n\t\t\t\t\t<\/div>\n\t\t<\/div>\n\t\t\t\t\t\t\t\t<\/div>\n\t\t\t\t\t<\/div>\n\t\t<\/section>\n\t\t\t\t\t\t<\/div>\n\t\t\t\t\t<\/div>\n\t\t<\/div>\n\t\t\t\t\t\t\t\t<\/div>\n\t\t\t\t\t<\/div>\n\t\t<\/section>\n\t\t\t\t\t\t<\/div>\n\t\t\t\t\t\t<\/div>\n\t\t\t\t\t<\/div>\n\t\t","protected":false},"excerpt":{"rendered":"<p>Nous proposons des solutions d\u2019h\u00e9bergement sur-mesure adapt\u00e9es \u00e0 tous types de besoins&nbsp;: Serveurs d\u00e9di\u00e9s ou mutualis\u00e9s Serveurs physiques \/ Infrastructure \u00ab&nbsp;CLOUD&nbsp;\u00bb Applications lourdes Applications web Messagerie Microsoft Exchange Gestion Electronique de Documents (GED) Archivage de donn\u00e9es Plan de Reprise d&rsquo;Activit\u00e9 (PRA) Sauvegarde de donn\u00e9es Pourquoi&#8230;<\/p>\n","protected":false},"author":1,"featured_media":0,"parent":0,"menu_order":0,"comment_status":"closed","ping_status":"closed","template":"","meta":[],"_links":{"self":[{"href":"https:\/\/www.rsm-c.com\/index.php?rest_route=\/wp\/v2\/pages\/569"}],"collection":[{"href":"https:\/\/www.rsm-c.com\/index.php?rest_route=\/wp\/v2\/pages"}],"about":[{"href":"https:\/\/www.rsm-c.com\/index.php?rest_route=\/wp\/v2\/types\/page"}],"author":[{"embeddable":true,"href":"https:\/\/www.rsm-c.com\/index.php?rest_route=\/wp\/v2\/users\/1"}],"replies":[{"embeddable":true,"href":"https:\/\/www.rsm-c.com\/index.php?rest_route=%2Fwp%2Fv2%2Fcomments&post=569"}],"version-history":[{"count":4,"href":"https:\/\/www.rsm-c.com\/index.php?rest_route=\/wp\/v2\/pages\/569\/revisions"}],"predecessor-version":[{"id":574,"href":"https:\/\/www.rsm-c.com\/index.php?rest_route=\/wp\/v2\/pages\/569\/revisions\/574"}],"wp:attachment":[{"href":"https:\/\/www.rsm-c.com\/index.php?rest_route=%2Fwp%2Fv2%2Fmedia&parent=569"}],"curies":[{"name":"wp","href":"https:\/\/api.w.org\/{rel}","templated":true}]}}