{"id":583,"date":"2020-06-08T12:28:57","date_gmt":"2020-06-08T10:28:57","guid":{"rendered":"http:\/\/www.rsm-c.com\/?page_id=583"},"modified":"2020-06-08T12:32:01","modified_gmt":"2020-06-08T10:32:01","slug":"formation","status":"publish","type":"page","link":"https:\/\/www.rsm-c.com\/?page_id=583","title":{"rendered":"Formation"},"content":{"rendered":"\t\t<div data-elementor-type=\"wp-page\" data-elementor-id=\"583\" class=\"elementor elementor-583\" data-elementor-settings=\"[]\">\n\t\t\t\t\t\t<div class=\"elementor-inner\">\n\t\t\t\t\t\t\t<div class=\"elementor-section-wrap\">\n\t\t\t\t\t\t\t<section class=\"elementor-section elementor-top-section elementor-element elementor-element-743f208 elementor-section-boxed elementor-section-height-default elementor-section-height-default parallax_section_no qode_elementor_container_no\" data-id=\"743f208\" data-element_type=\"section\">\n\t\t\t\t\t\t<div class=\"elementor-container elementor-column-gap-default\">\n\t\t\t\t\t\t\t<div class=\"elementor-row\">\n\t\t\t\t\t<div class=\"elementor-column elementor-col-100 elementor-top-column elementor-element elementor-element-d3e9c0e\" data-id=\"d3e9c0e\" data-element_type=\"column\">\n\t\t\t<div class=\"elementor-column-wrap elementor-element-populated\">\n\t\t\t\t\t\t\t<div class=\"elementor-widget-wrap\">\n\t\t\t\t\t\t<div class=\"elementor-element elementor-element-ecf3509 elementor-invisible elementor-widget elementor-widget-image\" data-id=\"ecf3509\" data-element_type=\"widget\" data-settings=\"{&quot;_animation&quot;:&quot;fadeIn&quot;}\" data-widget_type=\"image.default\">\n\t\t\t\t<div class=\"elementor-widget-container\">\n\t\t\t\t\t<div class=\"elementor-image\">\n\t\t\t\t\t\t\t\t\t\t<img width=\"1024\" height=\"581\" src=\"https:\/\/www.rsm-c.com\/wp-content\/uploads\/2020\/06\/formation2_rsm-1024x581.jpg\" class=\"attachment-large size-large\" alt=\"\" decoding=\"async\" loading=\"lazy\" srcset=\"https:\/\/www.rsm-c.com\/wp-content\/uploads\/2020\/06\/formation2_rsm-1024x581.jpg 1024w, https:\/\/www.rsm-c.com\/wp-content\/uploads\/2020\/06\/formation2_rsm-300x170.jpg 300w, https:\/\/www.rsm-c.com\/wp-content\/uploads\/2020\/06\/formation2_rsm-768x436.jpg 768w, https:\/\/www.rsm-c.com\/wp-content\/uploads\/2020\/06\/formation2_rsm-700x398.jpg 700w, https:\/\/www.rsm-c.com\/wp-content\/uploads\/2020\/06\/formation2_rsm.jpg 1400w\" sizes=\"(max-width: 1024px) 100vw, 1024px\" \/>\t\t\t\t\t\t\t\t\t\t\t<\/div>\n\t\t\t\t<\/div>\n\t\t\t\t<\/div>\n\t\t\t\t<div class=\"elementor-element elementor-element-38597d6 elementor-invisible elementor-widget elementor-widget-text-editor\" data-id=\"38597d6\" data-element_type=\"widget\" data-settings=\"{&quot;_animation&quot;:&quot;fadeIn&quot;}\" data-widget_type=\"text-editor.default\">\n\t\t\t\t<div class=\"elementor-widget-container\">\n\t\t\t\t\t<div class=\"elementor-text-editor elementor-clearfix\"><p>Sur des secteurs de plus en plus concurrentiels, il devient n\u00e9cessaire pour les organisations de s\u2019\u00e9quiper de mat\u00e9riels informatiques fiables et d\u2019outils performants.<\/p><p>Pour que ces \u00e9quipements soient rentabilis\u00e9s ils doivent \u00eatre exploit\u00e9s au maximum de leurs capacit\u00e9s par les salari\u00e9s. Malheureusement, les mutations incessantes et rapides de ces nouvelles technologies rendent parfois difficile la ma\u00eetrise des outils et freinent l\u2019efficacit\u00e9 au quotidien.<\/p><p>\u00a0<\/p><p>C\u2019est pour r\u00e9pondre \u00e0 ces enjeux que nous proposons des formations pour la prise en main des mat\u00e9riels IT et logiciels d\u2019entreprises. Des formations qui permettront \u00e0 vos \u00e9quipes d\u2019acqu\u00e9rir les comp\u00e9tences n\u00e9cessaires pour une gestion plus autonome de votre parc informatique et de gagner en productivit\u00e9.<\/p><\/div>\n\t\t\t\t<\/div>\n\t\t\t\t<\/div>\n\t\t\t\t\t\t<\/div>\n\t\t\t\t\t<\/div>\n\t\t<\/div>\n\t\t\t\t\t\t\t\t<\/div>\n\t\t\t\t\t<\/div>\n\t\t<\/section>\n\t\t\t\t\t\t<\/div>\n\t\t\t\t\t\t<\/div>\n\t\t\t\t\t<\/div>\n\t\t","protected":false},"excerpt":{"rendered":"<p>Sur des secteurs de plus en plus concurrentiels, il devient n\u00e9cessaire pour les organisations de s\u2019\u00e9quiper de mat\u00e9riels informatiques fiables et d\u2019outils performants. Pour que ces \u00e9quipements soient rentabilis\u00e9s ils doivent \u00eatre exploit\u00e9s au maximum de leurs capacit\u00e9s par les salari\u00e9s. Malheureusement, les mutations incessantes&#8230;<\/p>\n","protected":false},"author":1,"featured_media":0,"parent":0,"menu_order":0,"comment_status":"closed","ping_status":"closed","template":"","meta":[],"_links":{"self":[{"href":"https:\/\/www.rsm-c.com\/index.php?rest_route=\/wp\/v2\/pages\/583"}],"collection":[{"href":"https:\/\/www.rsm-c.com\/index.php?rest_route=\/wp\/v2\/pages"}],"about":[{"href":"https:\/\/www.rsm-c.com\/index.php?rest_route=\/wp\/v2\/types\/page"}],"author":[{"embeddable":true,"href":"https:\/\/www.rsm-c.com\/index.php?rest_route=\/wp\/v2\/users\/1"}],"replies":[{"embeddable":true,"href":"https:\/\/www.rsm-c.com\/index.php?rest_route=%2Fwp%2Fv2%2Fcomments&post=583"}],"version-history":[{"count":2,"href":"https:\/\/www.rsm-c.com\/index.php?rest_route=\/wp\/v2\/pages\/583\/revisions"}],"predecessor-version":[{"id":586,"href":"https:\/\/www.rsm-c.com\/index.php?rest_route=\/wp\/v2\/pages\/583\/revisions\/586"}],"wp:attachment":[{"href":"https:\/\/www.rsm-c.com\/index.php?rest_route=%2Fwp%2Fv2%2Fmedia&parent=583"}],"curies":[{"name":"wp","href":"https:\/\/api.w.org\/{rel}","templated":true}]}}