{"id":593,"date":"2020-06-08T12:40:42","date_gmt":"2020-06-08T10:40:42","guid":{"rendered":"http:\/\/www.rsm-c.com\/?page_id=593"},"modified":"2020-06-08T12:43:47","modified_gmt":"2020-06-08T10:43:47","slug":"virtualisation","status":"publish","type":"page","link":"https:\/\/www.rsm-c.com\/?page_id=593","title":{"rendered":"Virtualisation"},"content":{"rendered":"\t\t<div data-elementor-type=\"wp-page\" data-elementor-id=\"593\" class=\"elementor elementor-593\" data-elementor-settings=\"[]\">\n\t\t\t\t\t\t<div class=\"elementor-inner\">\n\t\t\t\t\t\t\t<div class=\"elementor-section-wrap\">\n\t\t\t\t\t\t\t<section class=\"elementor-section elementor-top-section elementor-element elementor-element-69c2cd3 elementor-section-boxed elementor-section-height-default elementor-section-height-default parallax_section_no qode_elementor_container_no elementor-invisible\" data-id=\"69c2cd3\" data-element_type=\"section\" data-settings=\"{&quot;animation&quot;:&quot;fadeIn&quot;}\">\n\t\t\t\t\t\t<div class=\"elementor-container elementor-column-gap-default\">\n\t\t\t\t\t\t\t<div class=\"elementor-row\">\n\t\t\t\t\t<div class=\"elementor-column elementor-col-50 elementor-top-column elementor-element elementor-element-031a121\" data-id=\"031a121\" data-element_type=\"column\">\n\t\t\t<div class=\"elementor-column-wrap elementor-element-populated\">\n\t\t\t\t\t\t\t<div class=\"elementor-widget-wrap\">\n\t\t\t\t\t\t<div class=\"elementor-element elementor-element-24ece82 elementor-widget elementor-widget-text-editor\" data-id=\"24ece82\" data-element_type=\"widget\" data-widget_type=\"text-editor.default\">\n\t\t\t\t<div class=\"elementor-widget-container\">\n\t\t\t\t\t<div class=\"elementor-text-editor elementor-clearfix\"><p>La virtualisation est un v\u00e9ritable atout pour les entreprises aujourd\u2019hui et devient indispensable pour am\u00e9liorer sa productivit\u00e9.<\/p><p><span class=\"bleu\">RSM-C propose plusieurs types de virtualisation:<\/span><\/p><ul><li><em>Consolidation de serveurs<\/em><\/li><li><em>Virtualisation d\u2019applications critiques telles que Microsoft Exchange, SQL, Oracle DB, et SAP<\/em><\/li><li><em>Solutions de postes de travail<\/em><\/li><\/ul><p>Cette technologie consiste \u00e0 faire fonctionner un ou plusieurs syst\u00e8mes d&rsquo;exploitation \/ applications comme un simple logiciel, sur un ou plusieurs ordinateurs &#8211; serveurs \/ syst\u00e8me d&rsquo;exploitation, au lieu de ne pouvoir en installer qu&rsquo;un seul par machine.<\/p><\/div>\n\t\t\t\t<\/div>\n\t\t\t\t<\/div>\n\t\t\t\t\t\t<\/div>\n\t\t\t\t\t<\/div>\n\t\t<\/div>\n\t\t\t\t<div class=\"elementor-column elementor-col-50 elementor-top-column elementor-element elementor-element-915b672\" data-id=\"915b672\" data-element_type=\"column\">\n\t\t\t<div class=\"elementor-column-wrap elementor-element-populated\">\n\t\t\t\t\t\t\t<div class=\"elementor-widget-wrap\">\n\t\t\t\t\t\t<div class=\"elementor-element elementor-element-af5b3f0 elementor-widget elementor-widget-image\" data-id=\"af5b3f0\" data-element_type=\"widget\" data-widget_type=\"image.default\">\n\t\t\t\t<div class=\"elementor-widget-container\">\n\t\t\t\t\t<div class=\"elementor-image\">\n\t\t\t\t\t\t\t\t\t\t<img width=\"1024\" height=\"581\" src=\"https:\/\/www.rsm-c.com\/wp-content\/uploads\/2020\/06\/virutalisation_rsm-1024x581.jpg\" class=\"attachment-large size-large\" alt=\"\" decoding=\"async\" loading=\"lazy\" srcset=\"https:\/\/www.rsm-c.com\/wp-content\/uploads\/2020\/06\/virutalisation_rsm-1024x581.jpg 1024w, https:\/\/www.rsm-c.com\/wp-content\/uploads\/2020\/06\/virutalisation_rsm-300x170.jpg 300w, https:\/\/www.rsm-c.com\/wp-content\/uploads\/2020\/06\/virutalisation_rsm-768x436.jpg 768w, https:\/\/www.rsm-c.com\/wp-content\/uploads\/2020\/06\/virutalisation_rsm-700x398.jpg 700w, https:\/\/www.rsm-c.com\/wp-content\/uploads\/2020\/06\/virutalisation_rsm.jpg 1400w\" sizes=\"(max-width: 1024px) 100vw, 1024px\" \/>\t\t\t\t\t\t\t\t\t\t\t<\/div>\n\t\t\t\t<\/div>\n\t\t\t\t<\/div>\n\t\t\t\t\t\t<\/div>\n\t\t\t\t\t<\/div>\n\t\t<\/div>\n\t\t\t\t\t\t\t\t<\/div>\n\t\t\t\t\t<\/div>\n\t\t<\/section>\n\t\t\t\t<section class=\"elementor-section elementor-top-section elementor-element elementor-element-d5bbc06 elementor-section-boxed elementor-section-height-default elementor-section-height-default parallax_section_no qode_elementor_container_no elementor-invisible\" data-id=\"d5bbc06\" data-element_type=\"section\" data-settings=\"{&quot;animation&quot;:&quot;fadeIn&quot;}\">\n\t\t\t\t\t\t<div class=\"elementor-container elementor-column-gap-default\">\n\t\t\t\t\t\t\t<div class=\"elementor-row\">\n\t\t\t\t\t<div class=\"elementor-column elementor-col-100 elementor-top-column elementor-element elementor-element-2ab2593\" data-id=\"2ab2593\" data-element_type=\"column\">\n\t\t\t<div class=\"elementor-column-wrap elementor-element-populated\">\n\t\t\t\t\t\t\t<div class=\"elementor-widget-wrap\">\n\t\t\t\t\t\t<div class=\"elementor-element elementor-element-8504e6f elementor-widget elementor-widget-text-editor\" data-id=\"8504e6f\" data-element_type=\"widget\" data-widget_type=\"text-editor.default\">\n\t\t\t\t<div class=\"elementor-widget-container\">\n\t\t\t\t\t<div class=\"elementor-text-editor elementor-clearfix\"><p><span class=\"bleu\"><b>Elle pr\u00e9sente de tr\u00e8s nombreux avantages\u00a0:<\/b><\/span><\/p><ul><li style=\"list-style-type: none;\"><ul><li><em>Ex\u00e9cution de plusieurs syst\u00e8mes d\u2019exploitation et applications sur un m\u00eame ordinateur<\/em><\/li><li><em>R\u00e9duction du volume de mat\u00e9riel, augmentation de la puissance<\/em><\/li><li><em>Consolidation du mat\u00e9riel pour accro\u00eetre consid\u00e9rablement la productivit\u00e9 en r\u00e9duisant le nombre de serveurs<\/em><\/li><\/ul><\/li><\/ul><p>\u00a0<\/p><p>L\u2019ensemble des co\u00fbts informatiques tr\u00e8s largement r\u00e9duits<\/p><p>Acc\u00e9l\u00e9ration et simplification de la gestion et de la maintenance informatique, ainsi que du d\u00e9ploiement de nouvelles applications<\/p><\/div>\n\t\t\t\t<\/div>\n\t\t\t\t<\/div>\n\t\t\t\t\t\t<\/div>\n\t\t\t\t\t<\/div>\n\t\t<\/div>\n\t\t\t\t\t\t\t\t<\/div>\n\t\t\t\t\t<\/div>\n\t\t<\/section>\n\t\t\t\t\t\t<\/div>\n\t\t\t\t\t\t<\/div>\n\t\t\t\t\t<\/div>\n\t\t","protected":false},"excerpt":{"rendered":"<p>La virtualisation est un v\u00e9ritable atout pour les entreprises aujourd\u2019hui et devient indispensable pour am\u00e9liorer sa productivit\u00e9. RSM-C propose plusieurs types de virtualisation: Consolidation de serveurs Virtualisation d\u2019applications critiques telles que Microsoft Exchange, SQL, Oracle DB, et SAP Solutions de postes de travail Cette technologie&#8230;<\/p>\n","protected":false},"author":1,"featured_media":0,"parent":0,"menu_order":0,"comment_status":"closed","ping_status":"closed","template":"","meta":[],"_links":{"self":[{"href":"https:\/\/www.rsm-c.com\/index.php?rest_route=\/wp\/v2\/pages\/593"}],"collection":[{"href":"https:\/\/www.rsm-c.com\/index.php?rest_route=\/wp\/v2\/pages"}],"about":[{"href":"https:\/\/www.rsm-c.com\/index.php?rest_route=\/wp\/v2\/types\/page"}],"author":[{"embeddable":true,"href":"https:\/\/www.rsm-c.com\/index.php?rest_route=\/wp\/v2\/users\/1"}],"replies":[{"embeddable":true,"href":"https:\/\/www.rsm-c.com\/index.php?rest_route=%2Fwp%2Fv2%2Fcomments&post=593"}],"version-history":[{"count":3,"href":"https:\/\/www.rsm-c.com\/index.php?rest_route=\/wp\/v2\/pages\/593\/revisions"}],"predecessor-version":[{"id":597,"href":"https:\/\/www.rsm-c.com\/index.php?rest_route=\/wp\/v2\/pages\/593\/revisions\/597"}],"wp:attachment":[{"href":"https:\/\/www.rsm-c.com\/index.php?rest_route=%2Fwp%2Fv2%2Fmedia&parent=593"}],"curies":[{"name":"wp","href":"https:\/\/api.w.org\/{rel}","templated":true}]}}