{"id":598,"date":"2020-06-08T12:45:35","date_gmt":"2020-06-08T10:45:35","guid":{"rendered":"http:\/\/www.rsm-c.com\/?page_id=598"},"modified":"2020-06-08T12:46:50","modified_gmt":"2020-06-08T10:46:50","slug":"stockage","status":"publish","type":"page","link":"https:\/\/www.rsm-c.com\/?page_id=598","title":{"rendered":"Stockage"},"content":{"rendered":"\t\t<div data-elementor-type=\"wp-page\" data-elementor-id=\"598\" class=\"elementor elementor-598\" data-elementor-settings=\"[]\">\n\t\t\t\t\t\t<div class=\"elementor-inner\">\n\t\t\t\t\t\t\t<div class=\"elementor-section-wrap\">\n\t\t\t\t\t\t\t<section class=\"elementor-section elementor-top-section elementor-element elementor-element-1712a5e elementor-section-boxed elementor-section-height-default elementor-section-height-default parallax_section_no qode_elementor_container_no\" data-id=\"1712a5e\" data-element_type=\"section\">\n\t\t\t\t\t\t<div class=\"elementor-container elementor-column-gap-default\">\n\t\t\t\t\t\t\t<div class=\"elementor-row\">\n\t\t\t\t\t<div class=\"elementor-column elementor-col-100 elementor-top-column elementor-element elementor-element-b095fdf\" data-id=\"b095fdf\" data-element_type=\"column\">\n\t\t\t<div class=\"elementor-column-wrap elementor-element-populated\">\n\t\t\t\t\t\t\t<div class=\"elementor-widget-wrap\">\n\t\t\t\t\t\t<div class=\"elementor-element elementor-element-4951579 elementor-invisible elementor-widget elementor-widget-image\" data-id=\"4951579\" data-element_type=\"widget\" data-settings=\"{&quot;_animation&quot;:&quot;fadeIn&quot;}\" data-widget_type=\"image.default\">\n\t\t\t\t<div class=\"elementor-widget-container\">\n\t\t\t\t\t<div class=\"elementor-image\">\n\t\t\t\t\t\t\t\t\t\t<img width=\"1024\" height=\"581\" src=\"https:\/\/www.rsm-c.com\/wp-content\/uploads\/2020\/06\/storage_rsm-1024x581.jpg\" class=\"attachment-large size-large\" alt=\"\" decoding=\"async\" loading=\"lazy\" srcset=\"https:\/\/www.rsm-c.com\/wp-content\/uploads\/2020\/06\/storage_rsm-1024x581.jpg 1024w, https:\/\/www.rsm-c.com\/wp-content\/uploads\/2020\/06\/storage_rsm-300x170.jpg 300w, https:\/\/www.rsm-c.com\/wp-content\/uploads\/2020\/06\/storage_rsm-768x436.jpg 768w, https:\/\/www.rsm-c.com\/wp-content\/uploads\/2020\/06\/storage_rsm-700x398.jpg 700w, https:\/\/www.rsm-c.com\/wp-content\/uploads\/2020\/06\/storage_rsm.jpg 1400w\" sizes=\"(max-width: 1024px) 100vw, 1024px\" \/>\t\t\t\t\t\t\t\t\t\t\t<\/div>\n\t\t\t\t<\/div>\n\t\t\t\t<\/div>\n\t\t\t\t<div class=\"elementor-element elementor-element-3692972 elementor-invisible elementor-widget elementor-widget-text-editor\" data-id=\"3692972\" data-element_type=\"widget\" data-settings=\"{&quot;_animation&quot;:&quot;fadeIn&quot;}\" data-widget_type=\"text-editor.default\">\n\t\t\t\t<div class=\"elementor-widget-container\">\n\t\t\t\t\t<div class=\"elementor-text-editor elementor-clearfix\"><p>D\u2019une solution de stockage simple et efficace \u00e0 un stockage puissant et fiable, RSM r\u00e9pond \u00e0 vos exigences avec pr\u00e9cision&nbsp;:<\/p><p><br><\/p>\n<p><\/p>\n<ul class=\"bleu\">\n<li><em>Stockage SAN\/NAS<\/em><\/li>\n<li><em>R\u00e9plication<\/em><\/li>\n<li><em>Sauvegarde<\/em><\/li>\n<li><em>Archivage<\/em><\/li>\n<li><em>D\u00e9duplication<\/em><\/li>\n<\/ul><\/div>\n\t\t\t\t<\/div>\n\t\t\t\t<\/div>\n\t\t\t\t\t\t<\/div>\n\t\t\t\t\t<\/div>\n\t\t<\/div>\n\t\t\t\t\t\t\t\t<\/div>\n\t\t\t\t\t<\/div>\n\t\t<\/section>\n\t\t\t\t\t\t<\/div>\n\t\t\t\t\t\t<\/div>\n\t\t\t\t\t<\/div>\n\t\t","protected":false},"excerpt":{"rendered":"<p>D\u2019une solution de stockage simple et efficace \u00e0 un stockage puissant et fiable, RSM r\u00e9pond \u00e0 vos exigences avec pr\u00e9cision&nbsp;: Stockage SAN\/NAS R\u00e9plication Sauvegarde Archivage D\u00e9duplication<\/p>\n","protected":false},"author":1,"featured_media":0,"parent":0,"menu_order":0,"comment_status":"closed","ping_status":"closed","template":"","meta":[],"_links":{"self":[{"href":"https:\/\/www.rsm-c.com\/index.php?rest_route=\/wp\/v2\/pages\/598"}],"collection":[{"href":"https:\/\/www.rsm-c.com\/index.php?rest_route=\/wp\/v2\/pages"}],"about":[{"href":"https:\/\/www.rsm-c.com\/index.php?rest_route=\/wp\/v2\/types\/page"}],"author":[{"embeddable":true,"href":"https:\/\/www.rsm-c.com\/index.php?rest_route=\/wp\/v2\/users\/1"}],"replies":[{"embeddable":true,"href":"https:\/\/www.rsm-c.com\/index.php?rest_route=%2Fwp%2Fv2%2Fcomments&post=598"}],"version-history":[{"count":2,"href":"https:\/\/www.rsm-c.com\/index.php?rest_route=\/wp\/v2\/pages\/598\/revisions"}],"predecessor-version":[{"id":601,"href":"https:\/\/www.rsm-c.com\/index.php?rest_route=\/wp\/v2\/pages\/598\/revisions\/601"}],"wp:attachment":[{"href":"https:\/\/www.rsm-c.com\/index.php?rest_route=%2Fwp%2Fv2%2Fmedia&parent=598"}],"curies":[{"name":"wp","href":"https:\/\/api.w.org\/{rel}","templated":true}]}}