{"id":602,"date":"2020-06-08T12:51:10","date_gmt":"2020-06-08T10:51:10","guid":{"rendered":"http:\/\/www.rsm-c.com\/?page_id=602"},"modified":"2020-06-08T12:53:33","modified_gmt":"2020-06-08T10:53:33","slug":"environnement-de-hautes-disponibilites","status":"publish","type":"page","link":"https:\/\/www.rsm-c.com\/?page_id=602","title":{"rendered":"Environnement de hautes disponibilit\u00e9s"},"content":{"rendered":"\t\t<div data-elementor-type=\"wp-page\" data-elementor-id=\"602\" class=\"elementor elementor-602\" data-elementor-settings=\"[]\">\n\t\t\t\t\t\t<div class=\"elementor-inner\">\n\t\t\t\t\t\t\t<div class=\"elementor-section-wrap\">\n\t\t\t\t\t\t\t<section class=\"elementor-section elementor-top-section elementor-element elementor-element-7c95dfa elementor-section-boxed elementor-section-height-default elementor-section-height-default parallax_section_no qode_elementor_container_no elementor-invisible\" data-id=\"7c95dfa\" data-element_type=\"section\" data-settings=\"{&quot;animation&quot;:&quot;fadeIn&quot;}\">\n\t\t\t\t\t\t<div class=\"elementor-container elementor-column-gap-default\">\n\t\t\t\t\t\t\t<div class=\"elementor-row\">\n\t\t\t\t\t<div class=\"elementor-column elementor-col-100 elementor-top-column elementor-element elementor-element-39f5c8d\" data-id=\"39f5c8d\" data-element_type=\"column\">\n\t\t\t<div class=\"elementor-column-wrap elementor-element-populated\">\n\t\t\t\t\t\t\t<div class=\"elementor-widget-wrap\">\n\t\t\t\t\t\t<div class=\"elementor-element elementor-element-848cf98 elementor-widget elementor-widget-image\" data-id=\"848cf98\" data-element_type=\"widget\" data-widget_type=\"image.default\">\n\t\t\t\t<div class=\"elementor-widget-container\">\n\t\t\t\t\t<div class=\"elementor-image\">\n\t\t\t\t\t\t\t\t\t\t<img width=\"1024\" height=\"581\" src=\"https:\/\/www.rsm-c.com\/wp-content\/uploads\/2020\/06\/environnement_rsm-1024x581.jpg\" class=\"attachment-large size-large\" alt=\"\" decoding=\"async\" loading=\"lazy\" srcset=\"https:\/\/www.rsm-c.com\/wp-content\/uploads\/2020\/06\/environnement_rsm-1024x581.jpg 1024w, https:\/\/www.rsm-c.com\/wp-content\/uploads\/2020\/06\/environnement_rsm-300x170.jpg 300w, https:\/\/www.rsm-c.com\/wp-content\/uploads\/2020\/06\/environnement_rsm-768x436.jpg 768w, https:\/\/www.rsm-c.com\/wp-content\/uploads\/2020\/06\/environnement_rsm-700x398.jpg 700w, https:\/\/www.rsm-c.com\/wp-content\/uploads\/2020\/06\/environnement_rsm.jpg 1400w\" sizes=\"(max-width: 1024px) 100vw, 1024px\" \/>\t\t\t\t\t\t\t\t\t\t\t<\/div>\n\t\t\t\t<\/div>\n\t\t\t\t<\/div>\n\t\t\t\t<div class=\"elementor-element elementor-element-7a8221c elementor-widget elementor-widget-text-editor\" data-id=\"7a8221c\" data-element_type=\"widget\" data-widget_type=\"text-editor.default\">\n\t\t\t\t<div class=\"elementor-widget-container\">\n\t\t\t\t\t<div class=\"elementor-text-editor elementor-clearfix\"><p>Assurer le bon fonctionnement d&rsquo;un service en continue est un enjeu tr\u00e8s important pour les organisations. En effet, la panne d&rsquo;un syst\u00e8me informatique peut causer une perte de productivit\u00e9 et d&rsquo;argent, mais aussi des pertes mat\u00e9rielles ou humaines dans les cas les plus critiques. Il est ainsi essentiel de mettre en place un environnement fiable, \u00e9vitant tous risques d\u2019interruption.<\/p><p>\u00a0<\/p><p>Les ing\u00e9nieurs RSM-Consulting ont acquis une v\u00e9ritable expertise dans l\u2019int\u00e9gration d\u2019environnements de Haute Disponibilit\u00e9 (Plan de Reprise d\u2019activit\u00e9, Plan de Continuit\u00e9 d\u2019Activit\u00e9).<\/p><p>Pour assurer la continuit\u00e9 de service RSM \u00e9value chacun des risques, met en place le PRA\/PCA mais pr\u00e9voit \u00e9galement des m\u00e9canismes de sauvegardes afin de garantir la p\u00e9rennit\u00e9 des donn\u00e9es.<\/p><\/div>\n\t\t\t\t<\/div>\n\t\t\t\t<\/div>\n\t\t\t\t\t\t<\/div>\n\t\t\t\t\t<\/div>\n\t\t<\/div>\n\t\t\t\t\t\t\t\t<\/div>\n\t\t\t\t\t<\/div>\n\t\t<\/section>\n\t\t\t\t\t\t<\/div>\n\t\t\t\t\t\t<\/div>\n\t\t\t\t\t<\/div>\n\t\t","protected":false},"excerpt":{"rendered":"<p>Assurer le bon fonctionnement d&rsquo;un service en continue est un enjeu tr\u00e8s important pour les organisations. En effet, la panne d&rsquo;un syst\u00e8me informatique peut causer une perte de productivit\u00e9 et d&rsquo;argent, mais aussi des pertes mat\u00e9rielles ou humaines dans les cas les plus critiques. Il&#8230;<\/p>\n","protected":false},"author":1,"featured_media":0,"parent":0,"menu_order":0,"comment_status":"closed","ping_status":"closed","template":"","meta":[],"_links":{"self":[{"href":"https:\/\/www.rsm-c.com\/index.php?rest_route=\/wp\/v2\/pages\/602"}],"collection":[{"href":"https:\/\/www.rsm-c.com\/index.php?rest_route=\/wp\/v2\/pages"}],"about":[{"href":"https:\/\/www.rsm-c.com\/index.php?rest_route=\/wp\/v2\/types\/page"}],"author":[{"embeddable":true,"href":"https:\/\/www.rsm-c.com\/index.php?rest_route=\/wp\/v2\/users\/1"}],"replies":[{"embeddable":true,"href":"https:\/\/www.rsm-c.com\/index.php?rest_route=%2Fwp%2Fv2%2Fcomments&post=602"}],"version-history":[{"count":4,"href":"https:\/\/www.rsm-c.com\/index.php?rest_route=\/wp\/v2\/pages\/602\/revisions"}],"predecessor-version":[{"id":607,"href":"https:\/\/www.rsm-c.com\/index.php?rest_route=\/wp\/v2\/pages\/602\/revisions\/607"}],"wp:attachment":[{"href":"https:\/\/www.rsm-c.com\/index.php?rest_route=%2Fwp%2Fv2%2Fmedia&parent=602"}],"curies":[{"name":"wp","href":"https:\/\/api.w.org\/{rel}","templated":true}]}}