{"id":612,"date":"2020-06-08T12:58:20","date_gmt":"2020-06-08T10:58:20","guid":{"rendered":"http:\/\/www.rsm-c.com\/?page_id=612"},"modified":"2020-06-08T13:04:53","modified_gmt":"2020-06-08T11:04:53","slug":"systemes","status":"publish","type":"page","link":"https:\/\/www.rsm-c.com\/?page_id=612","title":{"rendered":"Syst\u00e8mes"},"content":{"rendered":"\t\t<div data-elementor-type=\"wp-page\" data-elementor-id=\"612\" class=\"elementor elementor-612\" data-elementor-settings=\"[]\">\n\t\t\t\t\t\t<div class=\"elementor-inner\">\n\t\t\t\t\t\t\t<div class=\"elementor-section-wrap\">\n\t\t\t\t\t\t\t<section class=\"elementor-section elementor-top-section elementor-element elementor-element-80364c8 elementor-section-boxed elementor-section-height-default elementor-section-height-default parallax_section_no qode_elementor_container_no elementor-invisible\" data-id=\"80364c8\" data-element_type=\"section\" data-settings=\"{&quot;animation&quot;:&quot;fadeIn&quot;}\">\n\t\t\t\t\t\t<div class=\"elementor-container elementor-column-gap-default\">\n\t\t\t\t\t\t\t<div class=\"elementor-row\">\n\t\t\t\t\t<div class=\"elementor-column elementor-col-100 elementor-top-column elementor-element elementor-element-2e7c61c\" data-id=\"2e7c61c\" data-element_type=\"column\">\n\t\t\t<div class=\"elementor-column-wrap elementor-element-populated\">\n\t\t\t\t\t\t\t<div class=\"elementor-widget-wrap\">\n\t\t\t\t\t\t<section class=\"elementor-section elementor-inner-section elementor-element elementor-element-e45c7e7 elementor-section-boxed elementor-section-height-default elementor-section-height-default parallax_section_no qode_elementor_container_no\" data-id=\"e45c7e7\" data-element_type=\"section\">\n\t\t\t\t\t\t<div class=\"elementor-container elementor-column-gap-default\">\n\t\t\t\t\t\t\t<div class=\"elementor-row\">\n\t\t\t\t\t<div class=\"elementor-column elementor-col-50 elementor-inner-column elementor-element elementor-element-0e79165\" data-id=\"0e79165\" data-element_type=\"column\">\n\t\t\t<div class=\"elementor-column-wrap elementor-element-populated\">\n\t\t\t\t\t\t\t<div class=\"elementor-widget-wrap\">\n\t\t\t\t\t\t<div class=\"elementor-element elementor-element-2f0a250 elementor-widget elementor-widget-text-editor\" data-id=\"2f0a250\" data-element_type=\"widget\" data-widget_type=\"text-editor.default\">\n\t\t\t\t<div class=\"elementor-widget-container\">\n\t\t\t\t\t<div class=\"elementor-text-editor elementor-clearfix\"><p>Les ing\u00e9nieurs RSM sont des sp\u00e9cialistes Microsoft, Linux, AIX et conduisent depuis plus de 10 ans des projets sur toutes sortes de syst\u00e8me d\u2019exploitation&nbsp;:<\/p><\/div>\n\t\t\t\t<\/div>\n\t\t\t\t<\/div>\n\t\t\t\t\t\t<\/div>\n\t\t\t\t\t<\/div>\n\t\t<\/div>\n\t\t\t\t<div class=\"elementor-column elementor-col-50 elementor-inner-column elementor-element elementor-element-c30e7f5\" data-id=\"c30e7f5\" data-element_type=\"column\">\n\t\t\t<div class=\"elementor-column-wrap elementor-element-populated\">\n\t\t\t\t\t\t\t<div class=\"elementor-widget-wrap\">\n\t\t\t\t\t\t<div class=\"elementor-element elementor-element-400de94 elementor-widget elementor-widget-text-editor\" data-id=\"400de94\" data-element_type=\"widget\" data-widget_type=\"text-editor.default\">\n\t\t\t\t<div class=\"elementor-widget-container\">\n\t\t\t\t\t<div class=\"elementor-text-editor elementor-clearfix\"><ul class=\"bleu\"><li><em>Infrastructure R\u00e9seau<\/em><\/li><li><em>Cluster<\/em><\/li><li><em>Travail collaboratif<\/em><\/li><li><em>Base de donn\u00e9es<\/em><\/li><\/ul><\/div>\n\t\t\t\t<\/div>\n\t\t\t\t<\/div>\n\t\t\t\t\t\t<\/div>\n\t\t\t\t\t<\/div>\n\t\t<\/div>\n\t\t\t\t\t\t\t\t<\/div>\n\t\t\t\t\t<\/div>\n\t\t<\/section>\n\t\t\t\t<div class=\"elementor-element elementor-element-ec2acfd elementor-widget elementor-widget-image\" data-id=\"ec2acfd\" data-element_type=\"widget\" data-widget_type=\"image.default\">\n\t\t\t\t<div class=\"elementor-widget-container\">\n\t\t\t\t\t<div class=\"elementor-image\">\n\t\t\t\t\t\t\t\t\t\t<img width=\"1024\" height=\"581\" src=\"https:\/\/www.rsm-c.com\/wp-content\/uploads\/2020\/06\/server_rsm-1024x581.jpg\" class=\"attachment-large size-large\" alt=\"\" decoding=\"async\" loading=\"lazy\" srcset=\"https:\/\/www.rsm-c.com\/wp-content\/uploads\/2020\/06\/server_rsm-1024x581.jpg 1024w, https:\/\/www.rsm-c.com\/wp-content\/uploads\/2020\/06\/server_rsm-300x170.jpg 300w, https:\/\/www.rsm-c.com\/wp-content\/uploads\/2020\/06\/server_rsm-768x436.jpg 768w, https:\/\/www.rsm-c.com\/wp-content\/uploads\/2020\/06\/server_rsm-700x398.jpg 700w, https:\/\/www.rsm-c.com\/wp-content\/uploads\/2020\/06\/server_rsm.jpg 1400w\" sizes=\"(max-width: 1024px) 100vw, 1024px\" \/>\t\t\t\t\t\t\t\t\t\t\t<\/div>\n\t\t\t\t<\/div>\n\t\t\t\t<\/div>\n\t\t\t\t\t\t<\/div>\n\t\t\t\t\t<\/div>\n\t\t<\/div>\n\t\t\t\t\t\t\t\t<\/div>\n\t\t\t\t\t<\/div>\n\t\t<\/section>\n\t\t\t\t\t\t<\/div>\n\t\t\t\t\t\t<\/div>\n\t\t\t\t\t<\/div>\n\t\t","protected":false},"excerpt":{"rendered":"<p>Les ing\u00e9nieurs RSM sont des sp\u00e9cialistes Microsoft, Linux, AIX et conduisent depuis plus de 10 ans des projets sur toutes sortes de syst\u00e8me d\u2019exploitation&nbsp;: Infrastructure R\u00e9seau Cluster Travail collaboratif Base de donn\u00e9es<\/p>\n","protected":false},"author":1,"featured_media":0,"parent":0,"menu_order":0,"comment_status":"closed","ping_status":"closed","template":"","meta":[],"_links":{"self":[{"href":"https:\/\/www.rsm-c.com\/index.php?rest_route=\/wp\/v2\/pages\/612"}],"collection":[{"href":"https:\/\/www.rsm-c.com\/index.php?rest_route=\/wp\/v2\/pages"}],"about":[{"href":"https:\/\/www.rsm-c.com\/index.php?rest_route=\/wp\/v2\/types\/page"}],"author":[{"embeddable":true,"href":"https:\/\/www.rsm-c.com\/index.php?rest_route=\/wp\/v2\/users\/1"}],"replies":[{"embeddable":true,"href":"https:\/\/www.rsm-c.com\/index.php?rest_route=%2Fwp%2Fv2%2Fcomments&post=612"}],"version-history":[{"count":3,"href":"https:\/\/www.rsm-c.com\/index.php?rest_route=\/wp\/v2\/pages\/612\/revisions"}],"predecessor-version":[{"id":617,"href":"https:\/\/www.rsm-c.com\/index.php?rest_route=\/wp\/v2\/pages\/612\/revisions\/617"}],"wp:attachment":[{"href":"https:\/\/www.rsm-c.com\/index.php?rest_route=%2Fwp%2Fv2%2Fmedia&parent=612"}],"curies":[{"name":"wp","href":"https:\/\/api.w.org\/{rel}","templated":true}]}}